{"id":4371,"date":"2019-01-27T17:41:46","date_gmt":"2019-01-27T16:41:46","guid":{"rendered":"https:\/\/www.youtransactor.com\/home\/"},"modified":"2022-04-12T17:04:51","modified_gmt":"2022-04-12T15:04:51","slug":"home","status":"publish","type":"page","link":"https:\/\/www.youtransactor.com\/fr\/","title":{"rendered":"home"},"content":{"rendered":"\t\t<div data-elementor-type=\"wp-post\" data-elementor-id=\"4371\" class=\"elementor elementor-4371 elementor-74\" data-elementor-settings=\"[]\">\n\t\t\t\t\t\t<div class=\"elementor-inner\">\n\t\t\t\t\t\t\t<div class=\"elementor-section-wrap\">\n\t\t\t\t\t\t\t<section class=\"elementor-section elementor-top-section elementor-element elementor-element-e50e6e0 elementor-section-boxed elementor-section-height-default elementor-section-height-default\" data-id=\"e50e6e0\" data-element_type=\"section\">\n\t\t\t\t\t\t<div class=\"elementor-container elementor-column-gap-default\">\n\t\t\t\t\t\t\t<div class=\"elementor-row\">\n\t\t\t\t\t<div class=\"elementor-column elementor-col-100 elementor-top-column elementor-element elementor-element-4b24437\" data-id=\"4b24437\" data-element_type=\"column\">\n\t\t\t<div class=\"elementor-column-wrap elementor-element-populated\">\n\t\t\t\t\t\t\t<div class=\"elementor-widget-wrap\">\n\t\t\t\t\t\t<div class=\"elementor-element elementor-element-200e871 elementor-widget elementor-widget-wp-widget-nav_menu\" data-id=\"200e871\" data-element_type=\"widget\" data-widget_type=\"wp-widget-nav_menu.default\">\n\t\t\t\t<div class=\"elementor-widget-container\">\n\t\t\t<nav class=\"menu-menu-principal-french-container\" aria-label=\"Menu\"><ul id=\"menu-menu-principal-french\" class=\"menu\"><li id=\"menu-item-5245\" class=\"menu-item menu-item-type-post_type menu-item-object-page menu-item-5245\"><a href=\"https:\/\/www.youtransactor.com\/fr\/verbalisation-electronique\/\">Verbalisation Electronique<\/a><\/li>\n<li id=\"menu-item-11237\" class=\"menu-item menu-item-type-post_type menu-item-object-page menu-item-11237\"><a href=\"https:\/\/www.youtransactor.com\/fr\/support-technique\/\">Support Technique<\/a><\/li>\n<\/ul><\/nav>\t\t<\/div>\n\t\t\t\t<\/div>\n\t\t\t\t\t\t<\/div>\n\t\t\t\t\t<\/div>\n\t\t<\/div>\n\t\t\t\t\t\t\t\t<\/div>\n\t\t\t\t\t<\/div>\n\t\t<\/section>\n\t\t\t\t<section class=\"elementor-section elementor-top-section elementor-element elementor-element-92c55e8 elementor-section-full_width elementor-section-height-default elementor-section-height-default\" data-id=\"92c55e8\" data-element_type=\"section\">\n\t\t\t\t\t\t<div class=\"elementor-container elementor-column-gap-default\">\n\t\t\t\t\t\t\t<div class=\"elementor-row\">\n\t\t\t\t\t<div class=\"elementor-column elementor-col-100 elementor-top-column elementor-element elementor-element-0f5c4b4\" data-id=\"0f5c4b4\" data-element_type=\"column\">\n\t\t\t<div class=\"elementor-column-wrap\">\n\t\t\t\t\t\t\t<div class=\"elementor-widget-wrap\">\n\t\t\t\t\t\t\t\t<\/div>\n\t\t\t\t\t<\/div>\n\t\t<\/div>\n\t\t\t\t\t\t\t\t<\/div>\n\t\t\t\t\t<\/div>\n\t\t<\/section>\n\t\t\t\t<section class=\"elementor-section elementor-top-section elementor-element elementor-element-a831919 elementor-section-full_width elementor-section-height-default elementor-section-height-default\" data-id=\"a831919\" data-element_type=\"section\" data-settings=\"{&quot;background_background&quot;:&quot;classic&quot;}\">\n\t\t\t\t\t\t<div class=\"elementor-container elementor-column-gap-default\">\n\t\t\t\t\t\t\t<div class=\"elementor-row\">\n\t\t\t\t\t<div class=\"elementor-column elementor-col-100 elementor-top-column elementor-element elementor-element-92f3ad2\" data-id=\"92f3ad2\" data-element_type=\"column\" data-settings=\"{&quot;background_background&quot;:&quot;classic&quot;}\">\n\t\t\t<div class=\"elementor-column-wrap elementor-element-populated\">\n\t\t\t\t\t<div class=\"elementor-background-overlay\"><\/div>\n\t\t\t\t\t\t\t<div class=\"elementor-widget-wrap\">\n\t\t\t\t\t\t<div class=\"elementor-element elementor-element-73bda69 elementor-widget elementor-widget-heading\" data-id=\"73bda69\" data-element_type=\"widget\" data-widget_type=\"heading.default\">\n\t\t\t\t<div class=\"elementor-widget-container\">\n\t\t\t<h4 class=\"elementor-heading-title elementor-size-large\"><b>Un nouveau chapitre s\u2019ouvre <\/b><\/h4>\t\t<\/div>\n\t\t\t\t<\/div>\n\t\t\t\t<div class=\"elementor-element elementor-element-a29aa68 elementor-widget elementor-widget-text-editor\" data-id=\"a29aa68\" data-element_type=\"widget\" data-widget_type=\"text-editor.default\">\n\t\t\t\t<div class=\"elementor-widget-container\">\n\t\t\t\t\t\t\t\t<div class=\"elementor-text-editor elementor-clearfix\">\n\t\t\t\t<p>YouTransactor et ses plateformes de paiement mobile innovantes deviennent Jabil Payment Solutions<\/p>\t\t\t\t\t<\/div>\n\t\t\t\t\t\t<\/div>\n\t\t\t\t<\/div>\n\t\t\t\t<div class=\"elementor-element elementor-element-3ae2cbd elementor-widget elementor-widget-text-editor\" data-id=\"3ae2cbd\" data-element_type=\"widget\" data-widget_type=\"text-editor.default\">\n\t\t\t\t<div class=\"elementor-widget-container\">\n\t\t\t\t\t\t\t\t<div class=\"elementor-text-editor elementor-clearfix\">\n\t\t\t\t<p style=\"text-align: center;\"><strong>Le 12 avril 2022 \u2013<\/strong> Jabil (NYSE\u202f: JBL) annonce ce jour la cr\u00e9ation de Jabil Payment Solutions afin d\u2019acc\u00e9l\u00e9rer le d\u00e9veloppement et le d\u00e9ploiement de plateformes de paiement et de vente de pointe. Fort de l\u2019acquisition r\u00e9cente de YouTransactor SAS, un pionnier de l\u2019industrie du paiement avec plus de 850 clients dans 24 pays, Jabil Payment Solutions b\u00e9n\u00e9ficie d\u2019un positionnement unique pour adresser une demande sans pr\u00e9c\u00e9dent pour les transactions sans esp\u00e8ces, sans contact, et de solutions sur-mesure pour les petites et moyennes entreprises.<\/p>\t\t\t\t\t<\/div>\n\t\t\t\t\t\t<\/div>\n\t\t\t\t<\/div>\n\t\t\t\t<section class=\"elementor-section elementor-inner-section elementor-element elementor-element-94bb42d elementor-section-content-middle elementor-section-boxed elementor-section-height-default elementor-section-height-default\" data-id=\"94bb42d\" data-element_type=\"section\">\n\t\t\t\t\t\t<div class=\"elementor-container elementor-column-gap-no\">\n\t\t\t\t\t\t\t<div class=\"elementor-row\">\n\t\t\t\t\t<div class=\"elementor-column elementor-col-33 elementor-inner-column elementor-element elementor-element-a431c8b\" data-id=\"a431c8b\" data-element_type=\"column\">\n\t\t\t<div class=\"elementor-column-wrap elementor-element-populated\">\n\t\t\t\t\t\t\t<div class=\"elementor-widget-wrap\">\n\t\t\t\t\t\t<div class=\"elementor-element elementor-element-2254f44 elementor-align-center elementor-widget elementor-widget-button\" data-id=\"2254f44\" data-element_type=\"widget\" data-widget_type=\"button.default\">\n\t\t\t\t<div class=\"elementor-widget-container\">\n\t\t\t\t\t<div class=\"elementor-button-wrapper\">\n\t\t\t<a href=\"https:\/\/jabil.com\/industries\/payment-solutions.html\" class=\"elementor-button-link elementor-button elementor-size-lg\" role=\"button\">\n\t\t\t\t\t\t<span class=\"elementor-button-content-wrapper\">\n\t\t\t\t\t\t<span class=\"elementor-button-text\">   Acc\u00e8s vers Jabil Payment Solutions <\/span>\n\t\t<\/span>\n\t\t\t\t\t<\/a>\n\t\t<\/div>\n\t\t\t\t<\/div>\n\t\t\t\t<\/div>\n\t\t\t\t\t\t<\/div>\n\t\t\t\t\t<\/div>\n\t\t<\/div>\n\t\t\t\t<div class=\"elementor-column elementor-col-33 elementor-inner-column elementor-element elementor-element-4db5f34\" data-id=\"4db5f34\" data-element_type=\"column\">\n\t\t\t<div class=\"elementor-column-wrap elementor-element-populated\">\n\t\t\t\t\t\t\t<div class=\"elementor-widget-wrap\">\n\t\t\t\t\t\t<div class=\"elementor-element elementor-element-18887f8 elementor-align-center elementor-widget elementor-widget-button\" data-id=\"18887f8\" data-element_type=\"widget\" data-widget_type=\"button.default\">\n\t\t\t\t<div class=\"elementor-widget-container\">\n\t\t\t\t\t<div class=\"elementor-button-wrapper\">\n\t\t\t<a href=\"https:\/\/www.youtransactor.com\/support\/\" class=\"elementor-button-link elementor-button elementor-size-lg\" role=\"button\">\n\t\t\t\t\t\t<span class=\"elementor-button-content-wrapper\">\n\t\t\t\t\t\t<span class=\"elementor-button-text\">Support Technique<\/span>\n\t\t<\/span>\n\t\t\t\t\t<\/a>\n\t\t<\/div>\n\t\t\t\t<\/div>\n\t\t\t\t<\/div>\n\t\t\t\t\t\t<\/div>\n\t\t\t\t\t<\/div>\n\t\t<\/div>\n\t\t\t\t<div class=\"elementor-column elementor-col-33 elementor-inner-column elementor-element elementor-element-1afadaf\" data-id=\"1afadaf\" data-element_type=\"column\">\n\t\t\t<div class=\"elementor-column-wrap elementor-element-populated\">\n\t\t\t\t\t\t\t<div class=\"elementor-widget-wrap\">\n\t\t\t\t\t\t<div class=\"elementor-element elementor-element-dbba615 elementor-align-center elementor-widget elementor-widget-button\" data-id=\"dbba615\" data-element_type=\"widget\" data-widget_type=\"button.default\">\n\t\t\t\t<div class=\"elementor-widget-container\">\n\t\t\t\t\t<div class=\"elementor-button-wrapper\">\n\t\t\t<a href=\"https:\/\/www.youtransactor.com\/electronic-fines\/\" class=\"elementor-button-link elementor-button elementor-size-lg\" role=\"button\">\n\t\t\t\t\t\t<span class=\"elementor-button-content-wrapper\">\n\t\t\t\t\t\t<span class=\"elementor-button-text\">Solutions de Verbalisation Electronique <\/span>\n\t\t<\/span>\n\t\t\t\t\t<\/a>\n\t\t<\/div>\n\t\t\t\t<\/div>\n\t\t\t\t<\/div>\n\t\t\t\t\t\t<\/div>\n\t\t\t\t\t<\/div>\n\t\t<\/div>\n\t\t\t\t\t\t\t\t<\/div>\n\t\t\t\t\t<\/div>\n\t\t<\/section>\n\t\t\t\t\t\t<\/div>\n\t\t\t\t\t<\/div>\n\t\t<\/div>\n\t\t\t\t\t\t\t\t<\/div>\n\t\t\t\t\t<\/div>\n\t\t<\/section>\n\t\t\t\t<section class=\"elementor-section elementor-top-section elementor-element elementor-element-6d294a0 elementor-section-content-middle elementor-hidden-desktop elementor-hidden-tablet elementor-hidden-phone elementor-section-boxed elementor-section-height-default elementor-section-height-default\" data-id=\"6d294a0\" data-element_type=\"section\" data-settings=\"{&quot;background_background&quot;:&quot;classic&quot;}\">\n\t\t\t\t\t\t<div class=\"elementor-container elementor-column-gap-default\">\n\t\t\t\t\t\t\t<div class=\"elementor-row\">\n\t\t\t\t\t<div class=\"elementor-column elementor-col-50 elementor-top-column elementor-element elementor-element-a647b27\" data-id=\"a647b27\" data-element_type=\"column\" data-settings=\"{&quot;background_background&quot;:&quot;classic&quot;}\">\n\t\t\t<div class=\"elementor-column-wrap elementor-element-populated\">\n\t\t\t\t\t\t\t<div class=\"elementor-widget-wrap\">\n\t\t\t\t\t\t<div class=\"elementor-element elementor-element-e65a755 elementor-widget elementor-widget-spacer\" data-id=\"e65a755\" data-element_type=\"widget\" data-widget_type=\"spacer.default\">\n\t\t\t\t<div class=\"elementor-widget-container\">\n\t\t\t\t\t<div class=\"elementor-spacer\">\n\t\t\t<div class=\"elementor-spacer-inner\"><\/div>\n\t\t<\/div>\n\t\t\t\t<\/div>\n\t\t\t\t<\/div>\n\t\t\t\t<div class=\"elementor-element elementor-element-5ee3120 elementor-widget elementor-widget-heading\" data-id=\"5ee3120\" data-element_type=\"widget\" data-widget_type=\"heading.default\">\n\t\t\t\t<div class=\"elementor-widget-container\">\n\t\t\t<h3 class=\"elementor-heading-title elementor-size-default\"><b>PIN on Mobile<br><\/b>Retail Payment Reinvented<\/h3>\t\t<\/div>\n\t\t\t\t<\/div>\n\t\t\t\t<div class=\"elementor-element elementor-element-fc98e16 elementor-widget elementor-widget-text-editor\" data-id=\"fc98e16\" data-element_type=\"widget\" data-widget_type=\"text-editor.default\">\n\t\t\t\t<div class=\"elementor-widget-container\">\n\t\t\t\t\t\t\t\t<div class=\"elementor-text-editor elementor-clearfix\">\n\t\t\t\t<p>We enable retailers and professionals to use their smartphone or tablet to accept chip card and contactless payments.<\/p>\t\t\t\t\t<\/div>\n\t\t\t\t\t\t<\/div>\n\t\t\t\t<\/div>\n\t\t\t\t<div class=\"elementor-element elementor-element-541ee8b elementor-align-center elementor-widget elementor-widget-button\" data-id=\"541ee8b\" data-element_type=\"widget\" data-widget_type=\"button.default\">\n\t\t\t\t<div class=\"elementor-widget-container\">\n\t\t\t\t\t<div class=\"elementor-button-wrapper\">\n\t\t\t<a href=\"https:\/\/www.youtransactor.com\/pin-on-mobile\/\" class=\"elementor-button-link elementor-button elementor-size-md\" role=\"button\">\n\t\t\t\t\t\t<span class=\"elementor-button-content-wrapper\">\n\t\t\t\t\t\t<span class=\"elementor-button-icon elementor-align-icon-left\">\n\t\t\t\t<i aria-hidden=\"true\" class=\"fas fa-long-arrow-alt-right\"><\/i>\t\t\t<\/span>\n\t\t\t\t\t\t<span class=\"elementor-button-text\">PIN on Mobile<\/span>\n\t\t<\/span>\n\t\t\t\t\t<\/a>\n\t\t<\/div>\n\t\t\t\t<\/div>\n\t\t\t\t<\/div>\n\t\t\t\t<div class=\"elementor-element elementor-element-2ed82f5 elementor-widget elementor-widget-spacer\" data-id=\"2ed82f5\" data-element_type=\"widget\" data-widget_type=\"spacer.default\">\n\t\t\t\t<div class=\"elementor-widget-container\">\n\t\t\t\t\t<div class=\"elementor-spacer\">\n\t\t\t<div class=\"elementor-spacer-inner\"><\/div>\n\t\t<\/div>\n\t\t\t\t<\/div>\n\t\t\t\t<\/div>\n\t\t\t\t\t\t<\/div>\n\t\t\t\t\t<\/div>\n\t\t<\/div>\n\t\t\t\t<div class=\"elementor-column elementor-col-50 elementor-top-column elementor-element elementor-element-0fefd23\" data-id=\"0fefd23\" data-element_type=\"column\">\n\t\t\t<div class=\"elementor-column-wrap elementor-element-populated\">\n\t\t\t\t\t\t\t<div class=\"elementor-widget-wrap\">\n\t\t\t\t\t\t<div class=\"elementor-element elementor-element-6b1a273 elementor-widget elementor-widget-spacer\" data-id=\"6b1a273\" data-element_type=\"widget\" data-widget_type=\"spacer.default\">\n\t\t\t\t<div class=\"elementor-widget-container\">\n\t\t\t\t\t<div class=\"elementor-spacer\">\n\t\t\t<div class=\"elementor-spacer-inner\"><\/div>\n\t\t<\/div>\n\t\t\t\t<\/div>\n\t\t\t\t<\/div>\n\t\t\t\t<div class=\"elementor-element elementor-element-bf605d8 elementor-widget elementor-widget-image\" data-id=\"bf605d8\" data-element_type=\"widget\" data-widget_type=\"image.default\">\n\t\t\t\t<div class=\"elementor-widget-container\">\n\t\t\t\t\t\t\t\t<div class=\"elementor-image\">\n\t\t\t\t\t\t\t\t\t\t\t\t<img width=\"406\" height=\"796\" src=\"https:\/\/www.youtransactor.com\/wp-content\/uploads\/2019\/03\/PIN-ON-MOBILE_YOUTRANSACTOR-1.png\" class=\"attachment-large size-large\" alt=\"PIN on Mobile - YouTransactor\" loading=\"lazy\" srcset=\"https:\/\/www.youtransactor.com\/wp-content\/uploads\/2019\/03\/PIN-ON-MOBILE_YOUTRANSACTOR-1.png 406w, https:\/\/www.youtransactor.com\/wp-content\/uploads\/2019\/03\/PIN-ON-MOBILE_YOUTRANSACTOR-1-153x300.png 153w\" sizes=\"100vw\" \/>\t\t\t\t\t\t\t\t\t\t\t\t\t\t<\/div>\n\t\t\t\t\t\t<\/div>\n\t\t\t\t<\/div>\n\t\t\t\t<div class=\"elementor-element elementor-element-a959edb elementor-widget elementor-widget-spacer\" data-id=\"a959edb\" data-element_type=\"widget\" data-widget_type=\"spacer.default\">\n\t\t\t\t<div class=\"elementor-widget-container\">\n\t\t\t\t\t<div class=\"elementor-spacer\">\n\t\t\t<div class=\"elementor-spacer-inner\"><\/div>\n\t\t<\/div>\n\t\t\t\t<\/div>\n\t\t\t\t<\/div>\n\t\t\t\t\t\t<\/div>\n\t\t\t\t\t<\/div>\n\t\t<\/div>\n\t\t\t\t\t\t\t\t<\/div>\n\t\t\t\t\t<\/div>\n\t\t<\/section>\n\t\t\t\t<section class=\"elementor-section elementor-top-section elementor-element elementor-element-aa1cbfc elementor-section-content-middle elementor-reverse-mobile elementor-hidden-desktop elementor-hidden-tablet elementor-hidden-phone elementor-section-boxed elementor-section-height-default elementor-section-height-default\" data-id=\"aa1cbfc\" data-element_type=\"section\" data-settings=\"{&quot;background_background&quot;:&quot;classic&quot;}\">\n\t\t\t\t\t\t<div class=\"elementor-container elementor-column-gap-default\">\n\t\t\t\t\t\t\t<div class=\"elementor-row\">\n\t\t\t\t\t<div class=\"elementor-column elementor-col-50 elementor-top-column elementor-element elementor-element-3ee40f0\" data-id=\"3ee40f0\" data-element_type=\"column\">\n\t\t\t<div class=\"elementor-column-wrap elementor-element-populated\">\n\t\t\t\t\t\t\t<div class=\"elementor-widget-wrap\">\n\t\t\t\t\t\t<div class=\"elementor-element elementor-element-9d57bc7 elementor-widget elementor-widget-image\" data-id=\"9d57bc7\" data-element_type=\"widget\" data-widget_type=\"image.default\">\n\t\t\t\t<div class=\"elementor-widget-container\">\n\t\t\t\t\t\t\t\t<div class=\"elementor-image\">\n\t\t\t\t\t\t\t\t\t\t\t\t<img width=\"489\" height=\"940\" src=\"https:\/\/www.youtransactor.com\/wp-content\/uploads\/2019\/04\/fines-2.png\" class=\"attachment-large size-large\" alt=\"Verbalisation \u00e9lectronique- PVe\" loading=\"lazy\" srcset=\"https:\/\/www.youtransactor.com\/wp-content\/uploads\/2019\/04\/fines-2.png 489w, https:\/\/www.youtransactor.com\/wp-content\/uploads\/2019\/04\/fines-2-156x300.png 156w\" sizes=\"100vw\" \/>\t\t\t\t\t\t\t\t\t\t\t\t\t\t<\/div>\n\t\t\t\t\t\t<\/div>\n\t\t\t\t<\/div>\n\t\t\t\t\t\t<\/div>\n\t\t\t\t\t<\/div>\n\t\t<\/div>\n\t\t\t\t<div class=\"elementor-column elementor-col-50 elementor-top-column elementor-element elementor-element-860b7c6\" data-id=\"860b7c6\" data-element_type=\"column\" data-settings=\"{&quot;background_background&quot;:&quot;classic&quot;}\">\n\t\t\t<div class=\"elementor-column-wrap elementor-element-populated\">\n\t\t\t\t\t\t\t<div class=\"elementor-widget-wrap\">\n\t\t\t\t\t\t<div class=\"elementor-element elementor-element-07e5500 elementor-widget elementor-widget-heading\" data-id=\"07e5500\" data-element_type=\"widget\" data-widget_type=\"heading.default\">\n\t\t\t\t<div class=\"elementor-widget-container\">\n\t\t\t<h3 class=\"elementor-heading-title elementor-size-default\"><b>Electronic Fines<br><\/b>Mobile Traffic Management<\/h3>\t\t<\/div>\n\t\t\t\t<\/div>\n\t\t\t\t<div class=\"elementor-element elementor-element-3bcf8c3 elementor-widget elementor-widget-text-editor\" data-id=\"3bcf8c3\" data-element_type=\"widget\" data-widget_type=\"text-editor.default\">\n\t\t\t\t<div class=\"elementor-widget-container\">\n\t\t\t\t\t\t\t\t<div class=\"elementor-text-editor elementor-clearfix\">\n\t\t\t\t<p>We help Cities to enforce security of pedestrians and vehicles by enabling them to easily handle road traffic offences with Mobile Fines solutions<\/p>\t\t\t\t\t<\/div>\n\t\t\t\t\t\t<\/div>\n\t\t\t\t<\/div>\n\t\t\t\t<div class=\"elementor-element elementor-element-bab4bc1 elementor-align-center elementor-widget elementor-widget-button\" data-id=\"bab4bc1\" data-element_type=\"widget\" data-widget_type=\"button.default\">\n\t\t\t\t<div class=\"elementor-widget-container\">\n\t\t\t\t\t<div class=\"elementor-button-wrapper\">\n\t\t\t<a href=\"https:\/\/www.youtransactor.com\/electronic-fines\/\" class=\"elementor-button-link elementor-button elementor-size-md\" role=\"button\">\n\t\t\t\t\t\t<span class=\"elementor-button-content-wrapper\">\n\t\t\t\t\t\t<span class=\"elementor-button-icon elementor-align-icon-left\">\n\t\t\t\t<i aria-hidden=\"true\" class=\"fas fa-long-arrow-alt-right\"><\/i>\t\t\t<\/span>\n\t\t\t\t\t\t<span class=\"elementor-button-text\">Electronic Fines<\/span>\n\t\t<\/span>\n\t\t\t\t\t<\/a>\n\t\t<\/div>\n\t\t\t\t<\/div>\n\t\t\t\t<\/div>\n\t\t\t\t\t\t<\/div>\n\t\t\t\t\t<\/div>\n\t\t<\/div>\n\t\t\t\t\t\t\t\t<\/div>\n\t\t\t\t\t<\/div>\n\t\t<\/section>\n\t\t\t\t\t\t<\/div>\n\t\t\t\t\t\t<\/div>\n\t\t\t\t\t<\/div>\n\t\t","protected":false},"excerpt":{"rendered":"<p>Un nouveau chapitre s\u2019ouvre YouTransactor et ses plateformes de paiement mobile innovantes deviennent Jabil Payment Solutions Le 12 avril 2022 \u2013 Jabil (NYSE\u202f: JBL) annonce ce jour la cr\u00e9ation de Jabil Payment Solutions afin d\u2019acc\u00e9l\u00e9rer le d\u00e9veloppement et le d\u00e9ploiement de plateformes de paiement et de vente de pointe. Fort de l\u2019acquisition r\u00e9cente de YouTransactor &hellip; <\/p>\n<p class=\"link-more\"><a href=\"https:\/\/www.youtransactor.com\/fr\/\" class=\"more-link\">Continuer la lecture<span class=\"screen-reader-text\"> de &laquo;&nbsp;home&nbsp;&raquo;<\/span><\/a><\/p>\n","protected":false},"author":7,"featured_media":0,"parent":0,"menu_order":0,"comment_status":"closed","ping_status":"closed","template":"elementor_header_footer","meta":{"_mi_skip_tracking":false},"yoast_head":"<!-- This site is optimized with the Yoast SEO plugin v18.3 - https:\/\/yoast.com\/wordpress\/plugins\/seo\/ -->\n<title>YouTransactor I Reinventing Mobile Payments<\/title>\n<meta name=\"description\" content=\"YouTransactor reinvents mobile payment for 1 million merchants and professional in 5 continents. Simple and Secure card payments with our POS\/ mPOS solutions.\" \/>\n<meta name=\"robots\" content=\"index, follow, max-snippet:-1, max-image-preview:large, max-video-preview:-1\" \/>\n<link rel=\"canonical\" href=\"https:\/\/www.youtransactor.com\/fr\/\" \/>\n<meta property=\"og:locale\" content=\"fr_FR\" \/>\n<meta property=\"og:type\" content=\"article\" \/>\n<meta property=\"og:title\" content=\"YouTransactor I Reinventing Mobile Payments\" \/>\n<meta property=\"og:description\" content=\"YouTransactor reinvents mobile payment for 1 million merchants and professional in 5 continents. Simple and Secure card payments with our POS\/ mPOS solutions.\" \/>\n<meta property=\"og:url\" content=\"https:\/\/www.youtransactor.com\/fr\/\" \/>\n<meta property=\"og:site_name\" content=\"YouTransactor\" \/>\n<meta property=\"article:modified_time\" content=\"2022-04-12T15:04:51+00:00\" \/>\n<meta property=\"og:image\" content=\"https:\/\/www.youtransactor.com\/wp-content\/uploads\/2019\/03\/PIN-ON-MOBILE_YOUTRANSACTOR-1.png\" \/>\n<meta name=\"twitter:card\" content=\"summary_large_image\" \/>\n<meta name=\"twitter:label1\" content=\"Dur\u00e9e de lecture estim\u00e9e\" \/>\n\t<meta name=\"twitter:data1\" content=\"2 minutes\" \/>\n<script type=\"application\/ld+json\" class=\"yoast-schema-graph\">{\"@context\":\"https:\/\/schema.org\",\"@graph\":[{\"@type\":\"WebSite\",\"@id\":\"https:\/\/www.youtransactor.com\/#website\",\"url\":\"https:\/\/www.youtransactor.com\/\",\"name\":\"YouTransactor\",\"description\":\"Reinventing Payment in Mobility\",\"potentialAction\":[{\"@type\":\"SearchAction\",\"target\":{\"@type\":\"EntryPoint\",\"urlTemplate\":\"https:\/\/www.youtransactor.com\/?s={search_term_string}\"},\"query-input\":\"required name=search_term_string\"}],\"inLanguage\":\"fr-FR\"},{\"@type\":\"ImageObject\",\"@id\":\"https:\/\/www.youtransactor.com\/fr\/#primaryimage\",\"inLanguage\":\"fr-FR\",\"url\":\"https:\/\/www.youtransactor.com\/wp-content\/uploads\/2019\/03\/PIN-ON-MOBILE_YOUTRANSACTOR-1.png\",\"contentUrl\":\"https:\/\/www.youtransactor.com\/wp-content\/uploads\/2019\/03\/PIN-ON-MOBILE_YOUTRANSACTOR-1.png\",\"width\":406,\"height\":796,\"caption\":\"PIN on Mobile - YouTransactor\"},{\"@type\":\"WebPage\",\"@id\":\"https:\/\/www.youtransactor.com\/fr\/#webpage\",\"url\":\"https:\/\/www.youtransactor.com\/fr\/\",\"name\":\"YouTransactor I Reinventing Mobile Payments\",\"isPartOf\":{\"@id\":\"https:\/\/www.youtransactor.com\/#website\"},\"primaryImageOfPage\":{\"@id\":\"https:\/\/www.youtransactor.com\/fr\/#primaryimage\"},\"datePublished\":\"2019-01-27T16:41:46+00:00\",\"dateModified\":\"2022-04-12T15:04:51+00:00\",\"description\":\"YouTransactor reinvents mobile payment for 1 million merchants and professional in 5 continents. Simple and Secure card payments with our POS\/ mPOS solutions.\",\"breadcrumb\":{\"@id\":\"https:\/\/www.youtransactor.com\/fr\/#breadcrumb\"},\"inLanguage\":\"fr-FR\",\"potentialAction\":[{\"@type\":\"ReadAction\",\"target\":[\"https:\/\/www.youtransactor.com\/fr\/\"]}]},{\"@type\":\"BreadcrumbList\",\"@id\":\"https:\/\/www.youtransactor.com\/fr\/#breadcrumb\",\"itemListElement\":[{\"@type\":\"ListItem\",\"position\":1,\"name\":\"Accueil\",\"item\":\"https:\/\/www.youtransactor.com\/fr\/\"},{\"@type\":\"ListItem\",\"position\":2,\"name\":\"home\"}]}]}<\/script>\n<!-- \/ Yoast SEO plugin. -->","yoast_head_json":{"title":"YouTransactor I Reinventing Mobile Payments","description":"YouTransactor reinvents mobile payment for 1 million merchants and professional in 5 continents. Simple and Secure card payments with our POS\/ mPOS solutions.","robots":{"index":"index","follow":"follow","max-snippet":"max-snippet:-1","max-image-preview":"max-image-preview:large","max-video-preview":"max-video-preview:-1"},"canonical":"https:\/\/www.youtransactor.com\/fr\/","og_locale":"fr_FR","og_type":"article","og_title":"YouTransactor I Reinventing Mobile Payments","og_description":"YouTransactor reinvents mobile payment for 1 million merchants and professional in 5 continents. Simple and Secure card payments with our POS\/ mPOS solutions.","og_url":"https:\/\/www.youtransactor.com\/fr\/","og_site_name":"YouTransactor","article_modified_time":"2022-04-12T15:04:51+00:00","og_image":[{"url":"https:\/\/www.youtransactor.com\/wp-content\/uploads\/2019\/03\/PIN-ON-MOBILE_YOUTRANSACTOR-1.png"}],"twitter_card":"summary_large_image","twitter_misc":{"Dur\u00e9e de lecture estim\u00e9e":"2 minutes"},"schema":{"@context":"https:\/\/schema.org","@graph":[{"@type":"WebSite","@id":"https:\/\/www.youtransactor.com\/#website","url":"https:\/\/www.youtransactor.com\/","name":"YouTransactor","description":"Reinventing Payment in Mobility","potentialAction":[{"@type":"SearchAction","target":{"@type":"EntryPoint","urlTemplate":"https:\/\/www.youtransactor.com\/?s={search_term_string}"},"query-input":"required name=search_term_string"}],"inLanguage":"fr-FR"},{"@type":"ImageObject","@id":"https:\/\/www.youtransactor.com\/fr\/#primaryimage","inLanguage":"fr-FR","url":"https:\/\/www.youtransactor.com\/wp-content\/uploads\/2019\/03\/PIN-ON-MOBILE_YOUTRANSACTOR-1.png","contentUrl":"https:\/\/www.youtransactor.com\/wp-content\/uploads\/2019\/03\/PIN-ON-MOBILE_YOUTRANSACTOR-1.png","width":406,"height":796,"caption":"PIN on Mobile - YouTransactor"},{"@type":"WebPage","@id":"https:\/\/www.youtransactor.com\/fr\/#webpage","url":"https:\/\/www.youtransactor.com\/fr\/","name":"YouTransactor I Reinventing Mobile Payments","isPartOf":{"@id":"https:\/\/www.youtransactor.com\/#website"},"primaryImageOfPage":{"@id":"https:\/\/www.youtransactor.com\/fr\/#primaryimage"},"datePublished":"2019-01-27T16:41:46+00:00","dateModified":"2022-04-12T15:04:51+00:00","description":"YouTransactor reinvents mobile payment for 1 million merchants and professional in 5 continents. Simple and Secure card payments with our POS\/ mPOS solutions.","breadcrumb":{"@id":"https:\/\/www.youtransactor.com\/fr\/#breadcrumb"},"inLanguage":"fr-FR","potentialAction":[{"@type":"ReadAction","target":["https:\/\/www.youtransactor.com\/fr\/"]}]},{"@type":"BreadcrumbList","@id":"https:\/\/www.youtransactor.com\/fr\/#breadcrumb","itemListElement":[{"@type":"ListItem","position":1,"name":"Accueil","item":"https:\/\/www.youtransactor.com\/fr\/"},{"@type":"ListItem","position":2,"name":"home"}]}]}},"_links":{"self":[{"href":"https:\/\/www.youtransactor.com\/fr\/wp-json\/wp\/v2\/pages\/4371"}],"collection":[{"href":"https:\/\/www.youtransactor.com\/fr\/wp-json\/wp\/v2\/pages"}],"about":[{"href":"https:\/\/www.youtransactor.com\/fr\/wp-json\/wp\/v2\/types\/page"}],"author":[{"embeddable":true,"href":"https:\/\/www.youtransactor.com\/fr\/wp-json\/wp\/v2\/users\/7"}],"replies":[{"embeddable":true,"href":"https:\/\/www.youtransactor.com\/fr\/wp-json\/wp\/v2\/comments?post=4371"}],"version-history":[{"count":40,"href":"https:\/\/www.youtransactor.com\/fr\/wp-json\/wp\/v2\/pages\/4371\/revisions"}],"predecessor-version":[{"id":11256,"href":"https:\/\/www.youtransactor.com\/fr\/wp-json\/wp\/v2\/pages\/4371\/revisions\/11256"}],"wp:attachment":[{"href":"https:\/\/www.youtransactor.com\/fr\/wp-json\/wp\/v2\/media?parent=4371"}],"curies":[{"name":"wp","href":"https:\/\/api.w.org\/{rel}","templated":true}]}}